{"id":372,"date":"2014-09-08T15:03:05","date_gmt":"2014-09-08T13:03:05","guid":{"rendered":"http:\/\/www.tecme.eu\/?page_id=372"},"modified":"2023-04-28T07:31:37","modified_gmt":"2023-04-28T05:31:37","slug":"privacy-policy","status":"publish","type":"page","link":"https:\/\/www.tecme.eu\/it\/privacy-policy","title":{"rendered":"Privacy Policy"},"content":{"rendered":"<hr \/>\n<h4><a href=\"https:\/\/www.tecme.eu\/wp-content\/uploads\/2023\/04\/TECME-Informativa-Titolare-del-trattamento-CV.pdf\" target=\"_blank\" rel=\"noopener\">Informativa Titolare del trattamento Curriculum Vitae<\/a><\/h4>\n<hr \/>\n<h4><a href=\"https:\/\/www.tecme.eu\/wp-content\/uploads\/2023\/04\/TECME-Informativa-Titolare-del-trattamento-Fornitori.pdf\" target=\"_blank\" rel=\"noopener\">Informativa Titolare del trattamento Fornitori<\/a><\/h4>\n<hr \/>\n<h4><a href=\"https:\/\/www.tecme.eu\/wp-content\/uploads\/2023\/04\/TECME-Informativa-Titolare-del-trattamento-Clienti.pdf\" target=\"_blank\" rel=\"noopener\">Informativa Titolare del trattamento Clienti<\/a><\/h4>\n<hr \/>\n<h1><\/h1>\n<h1>PRIVACY POLICY (ai sensi dell\u2019art. 13 del Reg. 2016\/679\/U.E.)<\/h1>\n<p>In questa pagina si descrivono le modalit\u00e0 di gestione del presente sito internet in riferimento al trattamento dei dati personali degli utenti che lo consultano. Il trattamento dei dati viene effettuato nel rispetto dei criteri previsti dal regolamento europeo in materia di protezione dei dati personali, Reg. 2016\/679\/UE e di ogni altro testo legislativo nazionale, provvedimento o autorizzazione dell\u2019Autorit\u2000 competente allo stesso collegato. Secondo la normativa indicata, il trattamento deve essere improntato ai principi di correttezza, liceit\u00e0 e trasparenza e di tutela della Sua riservatezza e dei Suoi diritti.<br \/>\nL&#8217;informativa \u00e8 resa <strong>solo per questo sito e non anche per altri siti web eventualmente consultati<\/strong> dall&#8217;utente tramite link. Tramite la navigazione sul portale sono possibili i seguenti servizi:<br \/>\na) visionare le marche di abbigliamento in vendita;<br \/>\nb) rimandare ad un acquisto su piattaforma web su siti web di terze parti;<br \/>\nc) rimanere aggiornati sui nostri prodotti tramite la possibilit\u2000 di iscriversi al servizio di newsletter.<\/p>\n<p>&nbsp;<\/p>\n<h2>TITOLARE DEL TRATTAMENTO DEI DATI PERSONALI<\/h2>\n<p>Il Titolare del trattamento dei dati personali \u00e8 <strong>Tecme Ete S.r.l., in persona del legale rappresentante pro tempore, con sede legale in Largo Leonardo Da Vinci, 9 \u2013 37050 Verona, tel.: 0456151944 e-mail: info@teme.eu.<\/strong><\/p>\n<h2>LUOGO DI TRATTAMENTO DEI DATI, COMUNICAZIONE E DIFFUSIONE<\/h2>\n<p>I trattamenti connessi ai servizi web di questo sito hanno luogo presso la predetta sede della Societ\u00e0 e sono curati dal personale interno o, qualora sia necessario, da personale esterno nominato (es. per operazioni di manutenzione e aggiornamento dei sistemi informatici).<br \/>\nNessun dato derivante dal servizio web \u00e8 invece oggetto di <strong>diffusione.<\/strong><br \/>\nI dati personali raccolti per il servizio di newsletter saranno gestiti da apposita piattaforma (Mailchimp); il fornitore selezionato ha una propria policy per la gestione dei dati personali rinvenibile al seguente link<br \/>\nhttps:\/\/mailchimp.com\/legal\/privacy\/#3._Privacy_for_Contacts.<br \/>\nPotranno essere <strong>comunicati<\/strong> a terzi, debitamente nominati, nel solo caso in cui ci\u2000 sia a tal fine necessario per l\u2019esecuzione della prestazione.; potranno essere comunicati a persone autorizzate al trattamento di societ\u00e0 facenti parte del gruppo del Titolare del trattamento (es. la societ\u00e0 controllante) per mere finalit\u00e0 di assistenza all\u2019erogazione del servizio.<br \/>\nIl Titolare del trattamento informa inoltre che non ricorre a processi decisionali totalmente automatizzati, compresa la profilazione, per il raggiungimento delle finalit\u00e0 previste nella presente informativa.<\/p>\n<p>&nbsp;<\/p>\n<h2>FINALIT\u00c0 E BASE GIURIDICHE DEL TRATTAMENTO<\/h2>\n<p>I dati personali forniti dagli utenti che inoltrano richieste di informazioni in merito ai prodotti e di acquisto saranno utilizzati solo per eseguire la prestazione richiesta.<br \/>\nLe basi giuridiche del trattamento dei dati sono:<br \/>\n1) art. 6.1 lett. f) G.D.P.R. \u201clegittimo interesse del Titolare del Trattamento\u201d, consistente nel tenere aggiornato i<br \/>\nclienti e potenziali clienti sulle novit\u2000 dei prodotti in vendita;<br \/>\n2) art. 6.1 lett. a) \u201cil consenso dell\u2019interessato\u201d.<\/p>\n<p>&nbsp;<\/p>\n<h2>TIPOLOGIA DI DATI TRATTATI<\/h2>\n<p><strong>Dati di navigazione<\/strong><br \/>\nI sistemi informatici e le procedure software preposte al funzionamento di questo sito web acquisiscono, nel corso del loro normale esercizio, alcuni dati personali la cui trasmissione \u2000 implicita nell&#8217;uso dei protocolli di comunicazione di Internet.<br \/>\nSi tratta di informazioni che non sono raccolte per essere associate a interessati identificati, ma che per loro stessa natura potrebbero, attraverso elaborazioni ed associazioni con dati detenuti da terzi, permettere di identificare gli utenti.<br \/>\nIn questa categoria di dati rientrano gli indirizzi IP o i nomi a dominio dei computer utilizzati dagli utenti che si connettono al sito, gli indirizzi in notazione URI (Uniform Resource Identifier) delle risorse richieste, l&#8217;orario della richiesta, il metodo utilizzato nel sottoporre la richiesta al server, la dimensione del file ottenuto in risposta, il codice numerico indicante lo stato della risposta data dal server (buon fine, errore, ecc.) ed altri parametri relativi al sistema<br \/>\noperativo e all&#8217;ambiente informatico dell&#8217;utente.<br \/>\nQuesta tipologia di dati viene utilizzata al solo fine di ricavare informazioni statistiche anonime sull&#8217;uso del sito e per controllarne il corretto funzionamento. I dati potrebbero essere utilizzati per l&#8217;accertamento di responsabilit\u00e0 in caso di ipotetici reati informatici ai danni del sito. Per questi dati, limitatamente per la finalit\u00e0 suddetta, non \u00e8 necessario richiedere il consenso esplicito.<\/p>\n<p><strong>Dati forniti volontariamente dall&#8217;utente<\/strong><br \/>\nSono raccolti dati personali quali nome cognome e indirizzo e-mail per il servizio di newsletter.<\/p>\n<p><strong>Cookies<\/strong><br \/>\nLa politica dei cookie \u00e8 presente nell\u2019apposita sezione cookie policy.<\/p>\n<p>&nbsp;<\/p>\n<h2>TRASFERIMENTO DEI DATI VERSO PAESI EXTRA U.E.<\/h2>\n<p>Il Titolare del trattamento dei dati non trasferisce (e non conserva) dati personali raccolti dal sito web in paesi terzi extra U.E. Le misure adottate dal fornitore (Mailchimp) per il trasferimento dei dati verso paesi terzi extra UE sono rinvenibili nella policy sopra richiamata.<\/p>\n<p>&nbsp;<\/p>\n<h2>TERMINI DI CANCELLAZIONE<\/h2>\n<p>Il Titolare tratter\u00e0 i dati personali per il tempo necessario per adempiere alle finalit\u00e0; i dati di contatto funzionali alla newsletter saranno cancellati immediatamente a seguito dell\u2019esercizio del diritto di cancellazione.<\/p>\n<p>&nbsp;<\/p>\n<h2>DIRITTI DEGLI INTERESSATI<\/h2>\n<p>Ai sensi degli artt. 15 \u2013 22 G.D.P.R., l\u2019interessato ha diritto di chiedere al titolare del trattamento l&#8217;accesso ai Suoi dati personali ovvero la rettifica ovvero la cancellazione degli stessi o la limitazione del trattamento che la riguardano, ovvero ha diritto di opporsi al loro trattamento, oltre al diritto di richiedere la portabilit\u2000 dei dati stessi.<br \/>\nLa richiesta pu\u00e0 essere fatta a mezzo e-mail o mezzo fax o raccomandata con oggetto: \u201crichiesta da parte dell\u2019interessato\u201d specificando nella richiesta il diritto che l\u2019interessato vuole esercitare (cancellazione, rettifica, portabilit\u00e0, oblio), unitamente ad un valido indirizzo di posta elettronica\/pec al quale recapitare il riscontro.<br \/>\nIl titolare del trattamento o, chiunque dallo stesso incaricato, proceder\u00e0 a soddisfare la richiesta entro 30 giorni dalla data di ricevimento. Qualora la risposta fosse complessa, il tempo potrebbe allungarsi ad ulteriori 30 giorni, previa tempestiva comunicazione allo stesso interessato.<br \/>\nQualora ritenga opportuno far valere i suoi diritti, ha facolt\u00e0 di proporre reclamo all\u2019autorit\u2000 di controllo competente, corrispondente al Garante per la protezione dei dati personali, con sede in Piazza Venezia, 11 &#8211; 00187 Roma, e-mail: protocollo@gpdp.it.<\/p>\n<p>&nbsp;<\/p>\n<p>Verona l\u00ec, 4 gennaio 2022<\/p>\n","protected":false},"excerpt":{"rendered":"<p>Informativa Titolare del trattamento Curriculum Vitae Informativa Titolare del trattamento Fornitori Informativa Titolare del trattamento Clienti PRIVACY POLICY (ai sensi dell\u2019art. 13 del Reg. 2016\/679\/U.E.) In questa pagina si descrivono le modalit\u00e0 di gestione del presente sito internet in riferimento al trattamento dei dati personali degli utenti che lo consultano. Il trattamento dei dati viene [&hellip;]<\/p>\n","protected":false},"author":1,"featured_media":0,"parent":0,"menu_order":100,"comment_status":"closed","ping_status":"closed","template":"","meta":{"_acf_changed":false,"footnotes":""},"acf":[],"_links":{"self":[{"href":"https:\/\/www.tecme.eu\/it\/wp-json\/wp\/v2\/pages\/372"}],"collection":[{"href":"https:\/\/www.tecme.eu\/it\/wp-json\/wp\/v2\/pages"}],"about":[{"href":"https:\/\/www.tecme.eu\/it\/wp-json\/wp\/v2\/types\/page"}],"author":[{"embeddable":true,"href":"https:\/\/www.tecme.eu\/it\/wp-json\/wp\/v2\/users\/1"}],"replies":[{"embeddable":true,"href":"https:\/\/www.tecme.eu\/it\/wp-json\/wp\/v2\/comments?post=372"}],"version-history":[{"count":24,"href":"https:\/\/www.tecme.eu\/it\/wp-json\/wp\/v2\/pages\/372\/revisions"}],"predecessor-version":[{"id":742,"href":"https:\/\/www.tecme.eu\/it\/wp-json\/wp\/v2\/pages\/372\/revisions\/742"}],"wp:attachment":[{"href":"https:\/\/www.tecme.eu\/it\/wp-json\/wp\/v2\/media?parent=372"}],"curies":[{"name":"wp","href":"https:\/\/api.w.org\/{rel}","templated":true}]}}